{"id":51,"date":"2025-04-17T17:37:04","date_gmt":"2025-04-17T15:37:04","guid":{"rendered":"https:\/\/www.geneseinfo.fr\/?page_id=51"},"modified":"2025-04-17T17:37:04","modified_gmt":"2025-04-17T15:37:04","slug":"qui-sommes-nous","status":"publish","type":"page","link":"https:\/\/www.geneseinfo.fr\/index.php\/qui-sommes-nous\/","title":{"rendered":"Qui sommes-nous ?"},"content":{"rendered":"\n<p><strong>GENESE INFORMATIQUE<\/strong><br>9B route de Longwy<br>54870 Villers-la-Ch\u00eavre<br>France<br><strong>T\u00e9l.<\/strong> : +33 3 82 44 02 11<br><strong>Email<\/strong> : <a class=\"\">contact@geneseinfo.fr<\/a><br><strong>SIRET<\/strong> : 538 960 576 00022<br>Site web : <a class=\"\" href=\"https:\/\/geneseinfo.fr\">https:\/\/geneseinfo.fr<\/a><\/p>\n\n\n\n<p><strong>Gen\u00e8se Informatique<\/strong> est une soci\u00e9t\u00e9 cr\u00e9\u00e9e en 2001, au capital de 80 000 \u20ac. Depuis plus de 20 ans, nous accompagnons les entreprises dans la gestion globale de leur infrastructure informatique et de leurs moyens de communication.<\/p>\n\n\n\n<h3 class=\"wp-block-heading\">Une approche globale et int\u00e9gr\u00e9e<\/h3>\n\n\n\n<p>Notre force r\u00e9side dans notre capacit\u00e9 \u00e0 proposer des <strong>solutions packag\u00e9es<\/strong> et adapt\u00e9es aux besoins des professionnels, incluant :<\/p>\n\n\n\n<ul class=\"wp-block-list\">\n<li>La <strong>gestion compl\u00e8te<\/strong> et la <strong>maintenance de votre parc informatique<\/strong>,<\/li>\n\n\n\n<li>La <strong>s\u00e9curisation de votre r\u00e9seau<\/strong> et la gestion des acc\u00e8s,<\/li>\n\n\n\n<li>Le <strong>conseil, l\u2019installation<\/strong> et le <strong>suivi technique<\/strong> de vos \u00e9quipements.<\/li>\n<\/ul>\n\n\n\n<p>Depuis 2017, nous avons enrichi nos offres avec la fourniture et le raccordement aux services t\u00e9l\u00e9coms, tels que :<\/p>\n\n\n\n<ul class=\"wp-block-list\">\n<li>La <strong>fibre optique<\/strong>, l\u2019<strong>ADSL<\/strong> et le <strong>VDSL<\/strong>,<\/li>\n\n\n\n<li>La <strong>t\u00e9l\u00e9phonie fixe<\/strong> et <strong>mobile d\u2019entreprise<\/strong>.<\/li>\n<\/ul>\n\n\n\n<h3 class=\"wp-block-heading\">Une vision unifi\u00e9e de l\u2019IT et des t\u00e9l\u00e9coms<\/h3>\n\n\n\n<p>Gr\u00e2ce \u00e0 cette strat\u00e9gie d\u2019int\u00e9gration, nous ne concevons plus votre infrastructure de mani\u00e8re segment\u00e9e, mais comme un <strong>ensemble coh\u00e9rent<\/strong>, o\u00f9 <strong>informatique et communications convergent<\/strong>. Cela nous permet de garantir \u00e0 nos clients une <strong>performance optimale<\/strong>, une <strong>simplicit\u00e9 de gestion<\/strong> et une <strong>r\u00e9duction des co\u00fbts d\u2019exploitation<\/strong>.<\/p>\n\n\n\n<h3 class=\"wp-block-heading\">Notre mission<\/h3>\n\n\n\n<p>Notre mission est simple : vous offrir une <strong>infrastructure fluide, s\u00e9curis\u00e9e et \u00e9volutive<\/strong>, pens\u00e9e pour accompagner le d\u00e9veloppement de votre activit\u00e9.<\/p>\n","protected":false},"excerpt":{"rendered":"<p>GENESE INFORMATIQUE9B route de Longwy54870 Villers-la-Ch\u00eavreFranceT\u00e9l. : +33 3 82 44 02 11Email [&hellip;]<\/p>\n","protected":false},"author":1,"featured_media":0,"parent":0,"menu_order":0,"comment_status":"closed","ping_status":"closed","template":"","meta":{"footnotes":""},"class_list":["post-51","page","type-page","status-publish","hentry"],"_links":{"self":[{"href":"https:\/\/www.geneseinfo.fr\/index.php\/wp-json\/wp\/v2\/pages\/51","targetHints":{"allow":["GET"]}}],"collection":[{"href":"https:\/\/www.geneseinfo.fr\/index.php\/wp-json\/wp\/v2\/pages"}],"about":[{"href":"https:\/\/www.geneseinfo.fr\/index.php\/wp-json\/wp\/v2\/types\/page"}],"author":[{"embeddable":true,"href":"https:\/\/www.geneseinfo.fr\/index.php\/wp-json\/wp\/v2\/users\/1"}],"replies":[{"embeddable":true,"href":"https:\/\/www.geneseinfo.fr\/index.php\/wp-json\/wp\/v2\/comments?post=51"}],"version-history":[{"count":1,"href":"https:\/\/www.geneseinfo.fr\/index.php\/wp-json\/wp\/v2\/pages\/51\/revisions"}],"predecessor-version":[{"id":53,"href":"https:\/\/www.geneseinfo.fr\/index.php\/wp-json\/wp\/v2\/pages\/51\/revisions\/53"}],"wp:attachment":[{"href":"https:\/\/www.geneseinfo.fr\/index.php\/wp-json\/wp\/v2\/media?parent=51"}],"curies":[{"name":"wp","href":"https:\/\/api.w.org\/{rel}","templated":true}]}}